{"id":134,"date":"2016-10-18T16:19:10","date_gmt":"2016-10-18T14:19:10","guid":{"rendered":"http:\/\/paarberatung-wolf.de\/?page_id=134"},"modified":"2022-05-17T16:16:43","modified_gmt":"2022-05-17T14:16:43","slug":"kontakt","status":"publish","type":"page","link":"http:\/\/www.paarberatung-wolf.de\/index.php\/kontakt\/","title":{"rendered":"Anfahrt"},"content":{"rendered":"<p>Meine Praxis befindet sich in der sch\u00f6nen Bonner Altstadt, nahe\u00a0dem Stadthaus.\u00a0Die Praxis in der Heerstra\u00dfe 30\u00a0erreichen Sie auch\u00a0bequem mit dem \u00f6ffentlichen Nahverkehr, vom Stadthaus oder vom Bertha-von-Sutter Platz aus sind es etwa f\u00fcnf bis zehn Minuten zu Fu\u00df.<\/p>\n<p>Tags\u00fcber ist die Parksituation recht entspannt und Sie finden gut freie Parkpl\u00e4tze, auf denen Sie mit Parkscheibe zwei Stunden parken k\u00f6nnen. In der Stadthausgarage finden Sie ebenfalls schnell einen sicheren Parkplatz. Dort k\u00f6nnen Sie drei Stunden f\u00fcr 2,50\u00a0\u20ac parken. Informationen zu freien Stellpl\u00e4tzen finden Sie <a href=\"http:\/\/bcp-bonn.de\/stadthausgarage\/\">hier<\/a>.<\/p>\n<p><strong><span style=\"color: #006489;\"><\/p>\n<div class=\"wrc-column-grid wrc-column-grid-1\">\n<div  class=\"wrc-column wrc-column-width-1 wrc-column-start\" >\n<p><\/span><\/strong><\/p>\n<h5><span style=\"color: #006489;\"><strong>Dr. Ada Wolf<\/strong><\/span><\/h5>\n<p>Heerstra\u00dfe 30<br \/>\n53111 Bonn<br \/>\nTel:\u00a00170 \u2013 9024872<br \/>\neMail:\u00a0<a href=\"mailto:wolf@paarberatung-wolf.de\">wolf@paarberatung-wolf.de<\/a><\/p>\n<p><strong><span style=\"color: #006489;\"><\/p>\n<\/div>\n<div  class=\"wrc-column wrc-column-width-2 wrc-column-end\" >\n<p><\/span><\/strong><\/p>\n<p><iframe loading=\"lazy\" style=\"border: 0;\" src=\"https:\/\/www.google.com\/maps\/embed?pb=!1m18!1m12!1m3!1d2526.0005816517846!2d7.110943951304036!3d50.71992837569132!2m3!1f0!2f0!3f0!3m2!1i1024!2i768!4f13.1!3m3!1m2!1s0x47bee164d7e61efd%3A0xa7ea6d8d8d65d3bf!2sPraxis+f%C3%BCr+Beziehungsarbeit!5e0!3m2!1sde!2sde!4v1484119888476\" width=\"600\" height=\"450\" frameborder=\"0\" allowfullscreen=\"allowfullscreen\"><\/iframe><\/p>\n<\/div>\n<\/div>\n<p><!-- .wrc-column-grid --><\/p>\n","protected":false},"excerpt":{"rendered":"<p>Meine Praxis befindet sich in der sch\u00f6nen Bonner Altstadt, nahe\u00a0dem Stadthaus.\u00a0Die Praxis in der Heerstra\u00dfe 30\u00a0erreichen Sie auch\u00a0bequem mit dem \u00f6ffentlichen Nahverkehr, vom Stadthaus oder vom Bertha-von-Sutter Platz aus sind es etwa f\u00fcnf bis zehn Minuten zu Fu\u00df. Tags\u00fcber ist die Parksituation recht entspannt und Sie finden gut freie Parkpl\u00e4tze, auf denen Sie mit Parkscheibe <a class=\"read-more\" href=\"http:\/\/www.paarberatung-wolf.de\/index.php\/kontakt\/\">READ MORE<\/a><\/p>\n","protected":false},"author":1,"featured_media":0,"parent":0,"menu_order":0,"comment_status":"closed","ping_status":"closed","template":"","meta":[],"_links":{"self":[{"href":"http:\/\/www.paarberatung-wolf.de\/index.php\/wp-json\/wp\/v2\/pages\/134"}],"collection":[{"href":"http:\/\/www.paarberatung-wolf.de\/index.php\/wp-json\/wp\/v2\/pages"}],"about":[{"href":"http:\/\/www.paarberatung-wolf.de\/index.php\/wp-json\/wp\/v2\/types\/page"}],"author":[{"embeddable":true,"href":"http:\/\/www.paarberatung-wolf.de\/index.php\/wp-json\/wp\/v2\/users\/1"}],"replies":[{"embeddable":true,"href":"http:\/\/www.paarberatung-wolf.de\/index.php\/wp-json\/wp\/v2\/comments?post=134"}],"version-history":[{"count":24,"href":"http:\/\/www.paarberatung-wolf.de\/index.php\/wp-json\/wp\/v2\/pages\/134\/revisions"}],"predecessor-version":[{"id":527,"href":"http:\/\/www.paarberatung-wolf.de\/index.php\/wp-json\/wp\/v2\/pages\/134\/revisions\/527"}],"wp:attachment":[{"href":"http:\/\/www.paarberatung-wolf.de\/index.php\/wp-json\/wp\/v2\/media?parent=134"}],"curies":[{"name":"wp","href":"https:\/\/api.w.org\/{rel}","templated":true}]}}