{"id":175,"date":"2016-10-19T08:50:58","date_gmt":"2016-10-19T06:50:58","guid":{"rendered":"http:\/\/paarberatung-wolf.de\/?page_id=175"},"modified":"2025-09-16T22:31:17","modified_gmt":"2025-09-16T20:31:17","slug":"termine","status":"publish","type":"page","link":"http:\/\/www.paarberatung-wolf.de\/index.php\/termine\/","title":{"rendered":"Termine &#038; Honorar"},"content":{"rendered":"<h5 class=\"two-columns-one\">&nbsp;Was kostet eine Beratung?<\/h5>\n<div class=\"two-columns-one\">Die einfache Faustregel lautet: Eine Paarberatung kostet nie mehr, als Ihnen Ihre Partnerschaft wert ist.<br \/>\nEine Paarberatung kostet im Durchschnitt &nbsp;etwa 1000,00 Euro. Auch bei schweren Beziehungskrisen habe ich die Erfahrung gemacht, dass die Partner wieder zueinander finden k\u00f6nnen. H\u00e4ufig entwickeln sich&nbsp;&nbsp;die Beziehungspartner und damit die Partnerschaft durch die Krise und am Ende sagen beide: Es war hart, aber es hat sich gelohnt!<br \/>\n.<\/div>\n<h5 class=\"two-columns-one\">Eine Paartherapie ist eine Investition in Ihre Partnerschaft und in Ihre Lebensqualit\u00e4t!<\/h5>\n<div class=\"two-columns-one\">Selbstverst\u00e4ndlich k\u00f6nnen Sie auch eine Einzelberatung buchen. Der Partner kann dann jederzeit dazu kommen.<\/div>\n<div><\/div>\n<div>Aufgrund der hohen Inflation musste ich nun auch mein Honorar anpassen. Wenn Sie damit Schwierigkeiten haben, sprechen Sie mich gerne an. Wir finden dann eine L\u00f6sung.<\/div>\n<div class=\"two-columns-one\"><\/div>\n<table width=\"912\" align=\"\">\n<tbody>\n<tr>\n<td>\n<h5><\/h5>\n<h5>Paar- oder Einzelberatung<\/h5>\n<\/td>\n<td>75 Minuten &nbsp; &nbsp;150,00 \u20ac<\/td>\n<\/tr>\n<tr>\n<td>\n<h5>Familientherapie<\/h5>\n<\/td>\n<td>90 Minuten &nbsp; &nbsp;170,00 \u20ac<\/td>\n<\/tr>\n<tr>\n<td>\n<h5>Anti-Aggressions-Training<\/h5>\n<\/td>\n<td>10 Sitzungen &nbsp; &nbsp;3.000 \u20ac (inkl. individuellem Arbeitsmaterial &amp; therapeutischer Stellungnahme)<\/td>\n<\/tr>\n<\/tbody>\n<\/table>\n<p>Das Honorar ist grunds\u00e4tzlich nach Ende der Sitzung zu entrichten. Sie k\u00f6nnen in meiner Praxis bequem mit Ihrer EC-Karte oder in bar bezahlen. Selbstverst\u00e4ndlich erhalten Sie daf\u00fcr eine Quittung bzw. Rechnung.&nbsp;Andere Zahlungsweisen k\u00f6nnen vereinbart werden. Terminabsagen bis zu 48 Stunden vor dem vereinbarten Termin sind kostenfrei.<\/p>\n<h5>Wie bekommen Sie einen Termin?<\/h5>\n<p>Beratung erfordert Vertrauen. Mir ist es wichtig, dass Sie sich in meiner Praxis wohlf\u00fchlen. In einem ersten Gespr\u00e4ch lernen Sie mich und meine Arbeitsweise kennen. Meistens kommen dabei die typischen Paarprobleme schnell&nbsp;zur Sprache. Dann&nbsp;besprechen&nbsp;wir gemeinsam das weitere Vorgehen sowie die Zielsetzung und die gesch\u00e4tzte Dauer der Beratung. Wie h\u00e4ufig Sie meine Beratung in Anspruch nehmen, h\u00e4ngt von Ihrem Anliegen und dem Ausma\u00df Ihrer Problemstellung ab. Eine Paartherapie sollte nicht mehr als zehn&nbsp;Sitzungen umfassen und nicht l\u00e4nger als ein Jahr dauern. Nach der vierten Sitzung erhalten Sie einen m\u00fcndlichen Zwischenbericht von mir, so dass Kosten und Nutzen der Paartherapie f\u00fcr Sie \u00fcberschaubar bleiben.<\/p>\n<p>Ich habe gute Erfahrungen mit einer Gespr\u00e4chsdauer von 75 Minuten gemacht, denn meistens braucht man etwas Zeit, bis man sich \u201ewarm geredet\u201c hat. Gerne stelle ich mich dabei auf Ihre individuellen Bed\u00fcrfnisse ein.<\/p>\n<p>Termine biete ich Ihnen auch nach Feierabend und an Samstagen an.<\/p>\n<p>Bitte vereinbaren &nbsp;Sie Termine unter: 0170-9024872<\/p>\n","protected":false},"excerpt":{"rendered":"<p>&nbsp;Was kostet eine Beratung? Die einfache Faustregel lautet: Eine Paarberatung kostet nie mehr, als Ihnen Ihre Partnerschaft wert ist. Eine Paarberatung kostet im Durchschnitt &nbsp;etwa 1000,00 Euro. Auch bei schweren Beziehungskrisen habe ich die Erfahrung gemacht, dass die Partner wieder zueinander finden k\u00f6nnen. H\u00e4ufig entwickeln sich&nbsp;&nbsp;die Beziehungspartner und damit die Partnerschaft durch die Krise und <a class=\"read-more\" href=\"http:\/\/www.paarberatung-wolf.de\/index.php\/termine\/\">READ MORE<\/a><\/p>\n","protected":false},"author":1,"featured_media":0,"parent":0,"menu_order":0,"comment_status":"closed","ping_status":"closed","template":"","meta":[],"_links":{"self":[{"href":"http:\/\/www.paarberatung-wolf.de\/index.php\/wp-json\/wp\/v2\/pages\/175"}],"collection":[{"href":"http:\/\/www.paarberatung-wolf.de\/index.php\/wp-json\/wp\/v2\/pages"}],"about":[{"href":"http:\/\/www.paarberatung-wolf.de\/index.php\/wp-json\/wp\/v2\/types\/page"}],"author":[{"embeddable":true,"href":"http:\/\/www.paarberatung-wolf.de\/index.php\/wp-json\/wp\/v2\/users\/1"}],"replies":[{"embeddable":true,"href":"http:\/\/www.paarberatung-wolf.de\/index.php\/wp-json\/wp\/v2\/comments?post=175"}],"version-history":[{"count":23,"href":"http:\/\/www.paarberatung-wolf.de\/index.php\/wp-json\/wp\/v2\/pages\/175\/revisions"}],"predecessor-version":[{"id":561,"href":"http:\/\/www.paarberatung-wolf.de\/index.php\/wp-json\/wp\/v2\/pages\/175\/revisions\/561"}],"wp:attachment":[{"href":"http:\/\/www.paarberatung-wolf.de\/index.php\/wp-json\/wp\/v2\/media?parent=175"}],"curies":[{"name":"wp","href":"https:\/\/api.w.org\/{rel}","templated":true}]}}