{"id":26,"date":"2016-10-10T17:03:50","date_gmt":"2016-10-10T15:03:50","guid":{"rendered":"http:\/\/paarberatung-wolf.de\/wordpress-4\/?page_id=26"},"modified":"2026-02-13T21:42:18","modified_gmt":"2026-02-13T20:42:18","slug":"ueber-mich","status":"publish","type":"page","link":"http:\/\/www.paarberatung-wolf.de\/index.php\/ueber-mich\/","title":{"rendered":"\u00dcber mich"},"content":{"rendered":"<div class=\"wrc-column-grid wrc-column-grid-1\">\n<div  class=\"wrc-column wrc-column-width-1 wrc-column-start\" >\n<p><img loading=\"lazy\" class=\"alignnone wp-image-208 \" src=\"http:\/\/paarberatung-wolf.de\/wp-content\/uploads\/2016\/10\/Portrait-Gertrud-23-4-1-e1477317165364-258x300.jpg\" alt=\"Dr. Gertrud Wolf\" width=\"267\" height=\"310\" srcset=\"http:\/\/www.paarberatung-wolf.de\/wp-content\/uploads\/2016\/10\/Portrait-Gertrud-23-4-1-e1477317165364-258x300.jpg 258w, http:\/\/www.paarberatung-wolf.de\/wp-content\/uploads\/2016\/10\/Portrait-Gertrud-23-4-1-e1477317165364.jpg 608w\" sizes=\"(max-width: 267px) 100vw, 267px\" \/><\/p>\n<\/div>\n<p style=\"padding-left: 30px;\">Dr. Ada G. Wolf<br \/>\nJahrgang 1964<br \/>\nzwei\u00a0Kinder<br \/>\nMitglied Deutsche Gesellschaft f\u00fcr Psychiatrie, Psychotherapie und Neurologie &#8211; DGPPN<br \/>\n<span style=\"color: #ffffff;\">&#8230;<\/span><\/p>\n<p style=\"padding-left: 30px;\"><span style=\"color: #3f84a4;\"><strong>Mein Leitbild und meine Arbeitsweise<\/strong><\/span><\/p>\n<p style=\"padding-left: 30px;\">Mein Menschenbild zeichnet sich dadurch aus, dass ich Menschen als individuelle, autonome und beziehungsf\u00e4hige Wesen sehe und \u00fcberzeugt bin, dass sie zeitlebens lern- und entwicklungsf\u00e4hig sind. Insbesondere Liebesbeziehungen f\u00f6rdern\u00a0im Erwachsenenalter pers\u00f6nliche Reifung und Entwicklung. Probleme in einer Partnerschaft k\u00f6nnen sich aber allm\u00e4hlich zu Krisen ausweiten. Eine Beziehungskrise als Chance zu begreifen und f\u00fcr Entwicklungsprozesse positiv nutzbar zu machen, ist ein wichtiges Anliegen meines Beratungsangebots.<\/p>\n<div  class=\"wrc-column wrc-column-width-1 wrc-column-end\" ><\/div>\n<\/div>\n<p><!-- .wrc-column-grid --><\/p>\n<p>Neben meiner p\u00e4dagogischen Ausbildung\u00a0sowie meiner Weiterbildung zur systemischen Paar- und Sexualtherapeutin verf\u00fcge ich \u00fcber eine gut reflektierte Lebenserfahrung. Ich wei\u00df, was es bedeutet, wenn im Leben nicht alles glatt l\u00e4uft und habe selber die Erfahrung gemacht, dass man aus Krisen gest\u00e4rkt hervorgehen kann. In dieser Zuversicht \u2013 aber nicht blau\u00e4ugig \u2013 arbeite ich mit Ihnen in einer ausgewogenen Mischung aus Beratung und Coaching. Ich orientiere mich dabei\u00a0an dem Konzept der systemischen Sexualtherapie nach Prof. Dr. Ulrich Clement und den Grundlagen der Internationalen Gesellschaft f\u00fcr systemische Therapie (IGST). Der Begriff Achtsamkeit hat \u00a0in meiner Beratungst\u00e4tigkeit einen hohen\u00a0Stellenwert. Als Lehrbeauftragte der Universit\u00e4t Gie\u00dfen\u00a0besch\u00e4ftige ich mich kontinuierlich mit aktuellen Fragen der Familien-, Paar-, und Sexualtherapie. Meine Arbeit bereitet mir viel Freude, nat\u00fcrlich gibt es auch Belastendes dabei. Hier sorge ich f\u00fcr einen Ausgleich in meiner Freizeit durch Yoga, Achtsamkeits\u00fcbungen, lange Spazierg\u00e4nge mit dem Hund und viel Teetrinken.<\/p>\n<p>Eine Paartherapie besteht nicht aus gut gemeinten Ratschl\u00e4gen, sondern zielt darauf ab, dass die Partner in ihrer Beziehung\u00a0neue Erfahrungen miteinander machen, die sie neu miteinander umgehen lassen. Um dies zu erreichen\u00a0beziehe ich mich auch auf den amerikanischen \u00a0Paartherapeuten Prof. Dr. David Schnarch, der mit seiner Theorie der Differenzierung viel zum Verst\u00e4ndnis der Dynamik von Liebesbeziehungen beigetragen hat. Die Theorie von David Schnarch liefert sehr konkrete Handlungsanleitungen, mit denen Partner auch schwierige Beziehungsprobleme l\u00f6sen k\u00f6nnen. Bei der Differenzierung geht es darum, dass sich Menschen in Beziehungen zugleich als eigenst\u00e4ndig und aufeinander bezogen erleben k\u00f6nnen und dass es ihnen gelingt, auch in schwierigen Situationen, ihre Gef\u00fchle angemessen zu regulieren.<\/p>\n<p>Wichtig ist mir, dass Sie nach jeder Beratungssitzung neue Einsichten und Erkenntnisse \u00fcber sich und Ihre Beziehung gewonnen haben und diese konstruktiv f\u00fcr sich nutzen k\u00f6nnen.<\/p>\n<p><img loading=\"lazy\" class=\"alignnone size-medium wp-image-80\" src=\"http:\/\/paarberatung-wolf.de\/wp-content\/uploads\/2016\/10\/Wolf_U-300x98.jpeg\" alt=\"wolf_u\" width=\"300\" height=\"98\" srcset=\"http:\/\/www.paarberatung-wolf.de\/wp-content\/uploads\/2016\/10\/Wolf_U-300x98.jpeg 300w, http:\/\/www.paarberatung-wolf.de\/wp-content\/uploads\/2016\/10\/Wolf_U.jpeg 316w\" sizes=\"(max-width: 300px) 100vw, 300px\" \/><\/p>\n","protected":false},"excerpt":{"rendered":"<p>Dr. Ada G. Wolf Jahrgang 1964 zwei\u00a0Kinder Mitglied Deutsche Gesellschaft f\u00fcr Psychiatrie, Psychotherapie und Neurologie &#8211; DGPPN &#8230; Mein Leitbild und meine Arbeitsweise Mein Menschenbild zeichnet sich dadurch aus, dass ich Menschen als individuelle, autonome und beziehungsf\u00e4hige Wesen sehe und \u00fcberzeugt bin, dass sie zeitlebens lern- und entwicklungsf\u00e4hig sind. Insbesondere Liebesbeziehungen f\u00f6rdern\u00a0im Erwachsenenalter pers\u00f6nliche Reifung <a class=\"read-more\" href=\"http:\/\/www.paarberatung-wolf.de\/index.php\/ueber-mich\/\">READ MORE<\/a><\/p>\n","protected":false},"author":1,"featured_media":0,"parent":0,"menu_order":0,"comment_status":"closed","ping_status":"closed","template":"","meta":[],"_links":{"self":[{"href":"http:\/\/www.paarberatung-wolf.de\/index.php\/wp-json\/wp\/v2\/pages\/26"}],"collection":[{"href":"http:\/\/www.paarberatung-wolf.de\/index.php\/wp-json\/wp\/v2\/pages"}],"about":[{"href":"http:\/\/www.paarberatung-wolf.de\/index.php\/wp-json\/wp\/v2\/types\/page"}],"author":[{"embeddable":true,"href":"http:\/\/www.paarberatung-wolf.de\/index.php\/wp-json\/wp\/v2\/users\/1"}],"replies":[{"embeddable":true,"href":"http:\/\/www.paarberatung-wolf.de\/index.php\/wp-json\/wp\/v2\/comments?post=26"}],"version-history":[{"count":54,"href":"http:\/\/www.paarberatung-wolf.de\/index.php\/wp-json\/wp\/v2\/pages\/26\/revisions"}],"predecessor-version":[{"id":565,"href":"http:\/\/www.paarberatung-wolf.de\/index.php\/wp-json\/wp\/v2\/pages\/26\/revisions\/565"}],"wp:attachment":[{"href":"http:\/\/www.paarberatung-wolf.de\/index.php\/wp-json\/wp\/v2\/media?parent=26"}],"curies":[{"name":"wp","href":"https:\/\/api.w.org\/{rel}","templated":true}]}}