{"id":432,"date":"2018-08-28T14:41:51","date_gmt":"2018-08-28T12:41:51","guid":{"rendered":"http:\/\/www.paarberatung-wolf.de\/?page_id=432"},"modified":"2022-08-01T02:00:20","modified_gmt":"2022-08-01T00:00:20","slug":"schweigepflicht","status":"publish","type":"page","link":"http:\/\/www.paarberatung-wolf.de\/index.php\/schweigepflicht\/","title":{"rendered":"Schweigepflicht"},"content":{"rendered":"<h5><strong>F\u00fcr Ihre Sicherheit: Meine\u00a0<\/strong><strong>Verpflichtung zur Verschwiegenheit<\/strong><\/h5>\n<p>Die Basis f\u00fcr eine gute Zusammenarbeit ist eine vertrauensvolle Arbeitsbeziehung zwischen Klient und Berater. Deshalb ist mir die Schweigepflicht besonders wichtig. Von der ersten Kontaktaufnahme an unterliegen alle Informationen die ich von Ihnen erhalte der Schweigepflicht. Das bedeutet, dass ich eine Verpflichtung zur Verschwiegenheit gegen\u00fcber Dritten habe. Diese Verschwiegenheit bezieht sich auf alle Aussagen, die Dritten R\u00fcckschl\u00fcsse \u00fcber Sie erm\u00f6glichen k\u00f6nnen, d.h., Sie als Klienten gegen\u00fcber Dritten wiedererkennbar machen k\u00f6nnen. Dasselbe gilt f\u00fcr Personen, \u00fcber die ein Klient Informationen gegeben hat. Selbstverst\u00e4ndlich bezieht sich die Schweigepflicht auch auf die Tatsache, dass es einen Kontakt zwischen einem Klienten mit mir gibt.<br \/>\nIm Einzelfall kann mich ein Klient von der Schweigepflicht entbinden, z.B. um mit einem Arzt zu sprechen. Diese Entbindung muss in der Regel schriftlich erfolgen.\u00a0In solchen F\u00e4llen werde ich jedoch blo\u00df die f\u00fcr das Gespr\u00e4ch wirklich notwendigen Informationen herausgeben.<\/p>\n<p>Wenn Sie Fragen zur Schweigeverpflichtung oder zur Dokumentation von Aufzeichnungen haben, sprechen Sie mich jederzeit gerne an! Wenn Sie keine Aufzeichnungen m\u00f6chten, werden auch keine angefertigt. Als reine Selbstzahlerpraxis bin ich nicht zu irgendwelchen Meldungen oder Berichten an Ihre Krankenkasse verpflichtet. Bei mir sind Sie sicher!<\/p>\n","protected":false},"excerpt":{"rendered":"<p>F\u00fcr Ihre Sicherheit: Meine\u00a0Verpflichtung zur Verschwiegenheit Die Basis f\u00fcr eine gute Zusammenarbeit ist eine vertrauensvolle Arbeitsbeziehung zwischen Klient und Berater. Deshalb ist mir die Schweigepflicht besonders wichtig. Von der ersten Kontaktaufnahme an unterliegen alle Informationen die ich von Ihnen erhalte der Schweigepflicht. Das bedeutet, dass ich eine Verpflichtung zur Verschwiegenheit gegen\u00fcber Dritten habe. Diese Verschwiegenheit <a class=\"read-more\" href=\"http:\/\/www.paarberatung-wolf.de\/index.php\/schweigepflicht\/\">READ MORE<\/a><\/p>\n","protected":false},"author":1,"featured_media":0,"parent":0,"menu_order":0,"comment_status":"closed","ping_status":"closed","template":"","meta":[],"_links":{"self":[{"href":"http:\/\/www.paarberatung-wolf.de\/index.php\/wp-json\/wp\/v2\/pages\/432"}],"collection":[{"href":"http:\/\/www.paarberatung-wolf.de\/index.php\/wp-json\/wp\/v2\/pages"}],"about":[{"href":"http:\/\/www.paarberatung-wolf.de\/index.php\/wp-json\/wp\/v2\/types\/page"}],"author":[{"embeddable":true,"href":"http:\/\/www.paarberatung-wolf.de\/index.php\/wp-json\/wp\/v2\/users\/1"}],"replies":[{"embeddable":true,"href":"http:\/\/www.paarberatung-wolf.de\/index.php\/wp-json\/wp\/v2\/comments?post=432"}],"version-history":[{"count":5,"href":"http:\/\/www.paarberatung-wolf.de\/index.php\/wp-json\/wp\/v2\/pages\/432\/revisions"}],"predecessor-version":[{"id":540,"href":"http:\/\/www.paarberatung-wolf.de\/index.php\/wp-json\/wp\/v2\/pages\/432\/revisions\/540"}],"wp:attachment":[{"href":"http:\/\/www.paarberatung-wolf.de\/index.php\/wp-json\/wp\/v2\/media?parent=432"}],"curies":[{"name":"wp","href":"https:\/\/api.w.org\/{rel}","templated":true}]}}