{"id":27,"date":"2016-10-10T17:01:38","date_gmt":"2016-10-10T15:01:38","guid":{"rendered":"http:\/\/paarberatung-wolf.de\/wordpress-4\/?page_id=27"},"modified":"2017-03-28T10:49:16","modified_gmt":"2017-03-28T08:49:16","slug":"trennung-und-trauer","status":"publish","type":"page","link":"https:\/\/www.paarberatung-wolf.de\/index.php\/trennung-und-trauer\/","title":{"rendered":"Trennung &#038; Trauer"},"content":{"rendered":"<blockquote><p><strong><span style=\"color: #3f84a4;\">If you don\u2019t love yourself, how in the hell are you going to love somebody else?<\/span><\/strong><br \/>\n<span style=\"color: #3f84a4;\"> <em>RuPaul<\/em><\/span><\/p><\/blockquote>\n<p>Weil Liebesbeziehungen so wichtig f\u00fcr uns sind, f\u00fchrt ihr Scheitern oder das Zur\u00fcckweisen von Beziehungsw\u00fcnschen h\u00e4ufig zu gro\u00dfen Schmerzen. Trennungen k\u00f6nnen solche Schmerzen verursachen, dass wir uns regelrecht krank f\u00fchlen. Eine Trennung hinterl\u00e4\u00dft\u00a0eine L\u00fccke, wirft\u00a0\u00a0unser Lebenskonzept \u00fcber den Haufen, kostet Kraft.\u00a0Wenn der Liebeskummer jedoch nicht enden will, wenn wir glauben ohne den anderen nicht leben zu k\u00f6nnen und wenn unsere Gedanken nur noch um den anderen kreisen\u00a0und immer weniger um uns selbst, dann ist es an der Zeit, sich Hilfe zu holen. Auch wenn wir uns zun\u00e4chst klein und zur\u00fcckgewiesen f\u00fchlen, selbst der schlimmste Schmerz\u00a0bietet eine Chance, sich weiter zu entwickeln, \u00fcber sich hinauszuwachsen und sogar alte Wunden zu heilen. Oftmals bietet eine Trennung wichtige Chancen f\u00fcr Entwicklungsprozesse.<\/p>\n<p>Ich coache Sie als Paar oder Einzelperson\u00a0durch die Zeit der Trennung. Ich helfe Ihnen, sich \u00a0neu auszurichten und wieder zuversichtlich nach vorne zu schauen.<\/p>\n<h5>An\u00a0Lebenskrisen wachsen<\/h5>\n<p>Gerade dann, wenn wir immer wieder vor \u00e4hnlichen Situationen stehen, wenn wir immer wieder dem gleichen Typ Mensch begegnen und uns Verletzungen zugef\u00fcgt werden, vor denen wir uns eigentlich sch\u00fctzen wollen, hilft es, den Ursachen auf den Grund zu gehen, unsere inneren Handlungsschemata zu verstehen und gezielt zu ver\u00e4ndern.\u00a0Gute Erfahrungen habe ich hierbei mit verschiedenen Methoden gemacht, wie dem Inneren Team von Schulz von Thun oder der Arbeit mit dem Inneren Kind.<\/p>\n<p>Werden durch den Liebeskummer oder den Verlust eines lieben Menschen tiefere Traumatisierungen angesprochen, so kann ich Sie traumap\u00e4dagogisch beraten und coachen.\u00a0Die Bew\u00e4ltigung einer Lebenskrise\u00a0f\u00fchrt meistens zu mehr Lebensgl\u00fcck, auch wenn wir das im Moment der Krise kaum glauben k\u00f6nnen. Aber durch die Krise erfahren wir viel \u00fcber unsere innere Gef\u00fchlswelt,\u00a0wir werden uns unserer St\u00e4rken bewusst und lernen uns selbst immer besser kennen.<\/p>\n<h5>Die Trennung begleiten<\/h5>\n<p>Wenn eine Trennung unvermeidbar ist, ist es trotzdem wichtig, sie in W\u00fcrde zu vollziehen. Sich Verletzungen zu verzeihen, die Trennung ohne gro\u00dfe weitere Verletzungen durchzustehen und wenn Kinder da sind, die gemeinsame F\u00fcrsorge zu regeln &#8211; all das sind wichtige Schritte, die einfacher zu gehen sind, wenn man sie gut plant. Gemeinsam k\u00f6nnen wir besprechen, wie sie &#8222;gut&#8220; auseinander kommen, wenn es miteinander nicht mehr geht.<\/p>\n<p>&nbsp;<\/p>\n<p>&nbsp;<\/p>\n","protected":false},"excerpt":{"rendered":"<p>If you don\u2019t love yourself, how in the hell are you going to love somebody else? RuPaul Weil Liebesbeziehungen so wichtig f\u00fcr uns sind, f\u00fchrt ihr Scheitern oder das Zur\u00fcckweisen von Beziehungsw\u00fcnschen h\u00e4ufig zu gro\u00dfen Schmerzen. Trennungen k\u00f6nnen solche Schmerzen verursachen, dass wir uns regelrecht krank f\u00fchlen. Eine Trennung hinterl\u00e4\u00dft\u00a0eine L\u00fccke, wirft\u00a0\u00a0unser Lebenskonzept \u00fcber den <a class=\"read-more\" href=\"https:\/\/www.paarberatung-wolf.de\/index.php\/trennung-und-trauer\/\">READ MORE<\/a><\/p>\n","protected":false},"author":1,"featured_media":0,"parent":0,"menu_order":0,"comment_status":"closed","ping_status":"closed","template":"","meta":[],"_links":{"self":[{"href":"https:\/\/www.paarberatung-wolf.de\/index.php\/wp-json\/wp\/v2\/pages\/27"}],"collection":[{"href":"https:\/\/www.paarberatung-wolf.de\/index.php\/wp-json\/wp\/v2\/pages"}],"about":[{"href":"https:\/\/www.paarberatung-wolf.de\/index.php\/wp-json\/wp\/v2\/types\/page"}],"author":[{"embeddable":true,"href":"https:\/\/www.paarberatung-wolf.de\/index.php\/wp-json\/wp\/v2\/users\/1"}],"replies":[{"embeddable":true,"href":"https:\/\/www.paarberatung-wolf.de\/index.php\/wp-json\/wp\/v2\/comments?post=27"}],"version-history":[{"count":11,"href":"https:\/\/www.paarberatung-wolf.de\/index.php\/wp-json\/wp\/v2\/pages\/27\/revisions"}],"predecessor-version":[{"id":352,"href":"https:\/\/www.paarberatung-wolf.de\/index.php\/wp-json\/wp\/v2\/pages\/27\/revisions\/352"}],"wp:attachment":[{"href":"https:\/\/www.paarberatung-wolf.de\/index.php\/wp-json\/wp\/v2\/media?parent=27"}],"curies":[{"name":"wp","href":"https:\/\/api.w.org\/{rel}","templated":true}]}}