{"id":535,"date":"2022-08-01T01:58:57","date_gmt":"2022-07-31T23:58:57","guid":{"rendered":"http:\/\/www.paarberatung-wolf.de\/?page_id=535"},"modified":"2022-08-01T01:58:58","modified_gmt":"2022-07-31T23:58:58","slug":"familientherapie","status":"publish","type":"page","link":"https:\/\/www.paarberatung-wolf.de\/index.php\/familientherapie\/","title":{"rendered":"Familientherapie"},"content":{"rendered":"\n<h3><\/h3>\n\n\n\n<p>An Familien werden heute viele Anforderungen gestellt. Familien sollen Erwachsenen und Kindern einen Raum zur Entfaltung und Entwicklung geben, aber sie sind h\u00e4ufig mit ihren Aufgaben \u00fcberfordert und f\u00fchlen sich verunsichert. \u00dcber den richtigen Umgang mit den Kindern geraten dann auch die Eltern in Streit. Das f\u00fchrt zu Familienstress: Die Kinder werden immer schwieriger und die Eltern immer verzweifelter. Aber nicht nur mit Kindern und Jugendlichen gibt es in den Familien Probleme, auch erwachsene Kinder k\u00f6nnen ihren Eltern noch gro\u00dfe Sorgen bereiten.<\/p>\n\n\n\n<h5>Probleme mit dem erwachsenen Kind<\/h5>\n\n\n\n<p>Eine besondere Belastung f\u00fcr Eltern ist es, wenn Kinder nicht erwachsen werden. Wenn Kinder ihre Ausbildung oder ihr Studium immer wieder abbrechen oder nicht voran kommen, wenn sie soziale \u00c4ngste entwickeln, sich depressiv zur\u00fcckziehen, den Tag verschlafen, am Computer zocken, aber nichts richtig \u201eauf die Reihe\u201c kriegen. Die meisten Eltern m\u00f6chten, dass ihre Kinder irgendwann auf eigenen F\u00fc\u00dfen stehen k\u00f6nnen. Aber was k\u00f6nnen Eltern machen, wenn die Kinder dabei nicht mitziehen?<\/p>\n\n\n\n<h5>Annehmen und Loslassen<\/h5>\n\n\n\n<p>Menschliche Entwicklung &#8211; auch die vom Kind zum Erwachsenen- vollzieht sich in der Bew\u00e4ltigung von Krisen. Das Erwachsenwerden von Kindern ist also f\u00fcr beide Seiten &#8211; Eltern und Kinder &#8211; eine Krise und eine Familientherapie kann dabei eine gute Hilfe sein. Meine familientherapeutische Arbeit zielt darauf ab, dass Sie in wenigen Sitzungen ihr Familiensystem verstehen und ihren Kindern dann besser dabei helfen k\u00f6nnen, endlich erwachsen zu werden und f\u00fcr sich selbst Verantwortung zu \u00fcbernehmen. F\u00fcr eine gl\u00fcckliche Familie braucht man meistens viel weniger als man denkt. Allerdings werden wir in der Schule darauf nicht vorbereitet und die meisten Ratgeber sind sehr kompliziert. Gespr\u00e4che \u00fcber das\u00a0\u201eerwachsene Problemkind\u201c\u00a0bilden einen Schwerpunkt in meiner Praxis. Meine Beratung dazu ist praxisorientiert und leicht verst\u00e4ndlich aber theoretisch fundiert. Ich orientiere mich bei meiner familientharapeutischen Arbeit an Alfred Adler, Ulrich Oevermann sowie dem israelischen Psychologen Haim Omer und seinem Konzept zur Neuen Autorit\u00e4t.\u00a0<\/p>\n","protected":false},"excerpt":{"rendered":"<p>An Familien werden heute viele Anforderungen gestellt. Familien sollen Erwachsenen und Kindern einen Raum zur Entfaltung und Entwicklung geben, aber sie sind h\u00e4ufig mit ihren Aufgaben \u00fcberfordert und f\u00fchlen sich verunsichert. \u00dcber den richtigen Umgang mit den Kindern geraten dann auch die Eltern in Streit. Das f\u00fchrt zu Familienstress: Die Kinder werden immer schwieriger und <a class=\"read-more\" href=\"https:\/\/www.paarberatung-wolf.de\/index.php\/familientherapie\/\">READ MORE<\/a><\/p>\n","protected":false},"author":1,"featured_media":0,"parent":0,"menu_order":0,"comment_status":"closed","ping_status":"closed","template":"","meta":[],"_links":{"self":[{"href":"https:\/\/www.paarberatung-wolf.de\/index.php\/wp-json\/wp\/v2\/pages\/535"}],"collection":[{"href":"https:\/\/www.paarberatung-wolf.de\/index.php\/wp-json\/wp\/v2\/pages"}],"about":[{"href":"https:\/\/www.paarberatung-wolf.de\/index.php\/wp-json\/wp\/v2\/types\/page"}],"author":[{"embeddable":true,"href":"https:\/\/www.paarberatung-wolf.de\/index.php\/wp-json\/wp\/v2\/users\/1"}],"replies":[{"embeddable":true,"href":"https:\/\/www.paarberatung-wolf.de\/index.php\/wp-json\/wp\/v2\/comments?post=535"}],"version-history":[{"count":2,"href":"https:\/\/www.paarberatung-wolf.de\/index.php\/wp-json\/wp\/v2\/pages\/535\/revisions"}],"predecessor-version":[{"id":537,"href":"https:\/\/www.paarberatung-wolf.de\/index.php\/wp-json\/wp\/v2\/pages\/535\/revisions\/537"}],"wp:attachment":[{"href":"https:\/\/www.paarberatung-wolf.de\/index.php\/wp-json\/wp\/v2\/media?parent=535"}],"curies":[{"name":"wp","href":"https:\/\/api.w.org\/{rel}","templated":true}]}}